{"id":1203,"date":"2024-01-16T12:13:19","date_gmt":"2024-01-16T11:13:19","guid":{"rendered":"https:\/\/lebongoutnice.fr\/?post_type=product&#038;p=1203"},"modified":"2024-01-16T12:13:19","modified_gmt":"2024-01-16T11:13:19","slug":"sandwich-merguez","status":"publish","type":"product","link":"https:\/\/lebongoutnice.fr\/en\/product\/sandwich-merguez\/","title":{"rendered":"Merguez Sandwich"},"content":{"rendered":"","protected":false},"excerpt":{"rendered":"<p>Le deuxi\u00e8me grand classique apr\u00e8s l&rsquo;Am\u00e9ricain cheese le sandwich merguez.<\/p>","protected":false},"featured_media":1190,"comment_status":"open","ping_status":"closed","template":"","meta":{"_monsterinsights_skip_tracking":false,"_monsterinsights_sitenote_active":false,"_monsterinsights_sitenote_note":"","_monsterinsights_sitenote_category":0},"product_brand":[],"product_cat":[49],"product_tag":[],"class_list":{"0":"post-1203","1":"product","2":"type-product","3":"status-publish","4":"has-post-thumbnail","6":"product_cat-sandwichs","8":"first","9":"instock","10":"virtual","11":"taxable","12":"purchasable","13":"product-type-simple"},"aioseo_notices":[],"_links":{"self":[{"href":"https:\/\/lebongoutnice.fr\/en\/wp-json\/wp\/v2\/product\/1203","targetHints":{"allow":["GET"]}}],"collection":[{"href":"https:\/\/lebongoutnice.fr\/en\/wp-json\/wp\/v2\/product"}],"about":[{"href":"https:\/\/lebongoutnice.fr\/en\/wp-json\/wp\/v2\/types\/product"}],"replies":[{"embeddable":true,"href":"https:\/\/lebongoutnice.fr\/en\/wp-json\/wp\/v2\/comments?post=1203"}],"version-history":[{"count":1,"href":"https:\/\/lebongoutnice.fr\/en\/wp-json\/wp\/v2\/product\/1203\/revisions"}],"predecessor-version":[{"id":1205,"href":"https:\/\/lebongoutnice.fr\/en\/wp-json\/wp\/v2\/product\/1203\/revisions\/1205"}],"wp:featuredmedia":[{"embeddable":true,"href":"https:\/\/lebongoutnice.fr\/en\/wp-json\/wp\/v2\/media\/1190"}],"wp:attachment":[{"href":"https:\/\/lebongoutnice.fr\/en\/wp-json\/wp\/v2\/media?parent=1203"}],"wp:term":[{"taxonomy":"product_brand","embeddable":true,"href":"https:\/\/lebongoutnice.fr\/en\/wp-json\/wp\/v2\/product_brand?post=1203"},{"taxonomy":"product_cat","embeddable":true,"href":"https:\/\/lebongoutnice.fr\/en\/wp-json\/wp\/v2\/product_cat?post=1203"},{"taxonomy":"product_tag","embeddable":true,"href":"https:\/\/lebongoutnice.fr\/en\/wp-json\/wp\/v2\/product_tag?post=1203"}],"curies":[{"name":"wp","href":"https:\/\/api.w.org\/{rel}","templated":true}]}}