{"id":1565,"date":"2024-01-21T12:55:12","date_gmt":"2024-01-21T11:55:12","guid":{"rendered":"https:\/\/lebongoutnice.fr\/?page_id=1565"},"modified":"2026-03-17T17:56:47","modified_gmt":"2026-03-17T16:56:47","slug":"mention-legale","status":"publish","type":"page","link":"https:\/\/lebongoutnice.fr\/en\/mention-legale\/","title":{"rendered":"Legal notice"},"content":{"rendered":"<div data-elementor-type=\"wp-page\" data-elementor-id=\"1565\" class=\"elementor elementor-1565\">\n\t\t\t\t<div class=\"elementor-element elementor-element-b940c6a e-flex e-con-boxed e-con e-parent\" data-id=\"b940c6a\" data-element_type=\"container\" data-e-type=\"container\">\n\t\t\t\t\t<div class=\"e-con-inner\">\n\t\t\t\t<div class=\"elementor-element elementor-element-ae65157 elementor-widget elementor-widget-spacer\" data-id=\"ae65157\" data-element_type=\"widget\" data-e-type=\"widget\" data-widget_type=\"spacer.default\">\n\t\t\t\t<div class=\"elementor-widget-container\">\n\t\t\t\t\t\t\t<div class=\"elementor-spacer\">\n\t\t\t<div class=\"elementor-spacer-inner\"><\/div>\n\t\t<\/div>\n\t\t\t\t\t\t<\/div>\n\t\t\t\t<\/div>\n\t\t\t\t\t<\/div>\n\t\t\t\t<\/div>\n\t\t<div class=\"elementor-element elementor-element-4ae6fa7 e-flex e-con-boxed e-con e-parent\" data-id=\"4ae6fa7\" data-element_type=\"container\" data-e-type=\"container\">\n\t\t\t\t\t<div class=\"e-con-inner\">\n\t\t\t\t<div class=\"elementor-element elementor-element-5378c55 elementor-widget elementor-widget-text-editor\" data-id=\"5378c55\" data-element_type=\"widget\" data-e-type=\"widget\" data-widget_type=\"text-editor.default\">\n\t\t\t\t<div class=\"elementor-widget-container\">\n\t\t\t\t\t\t\t\t\t<p>La connexion et la navigation sur le Site par l\u2019Utilisateur implique acceptation int\u00e9grale et sans r\u00e9serve des pr\u00e9sentes mentions l\u00e9gales.<\/p>\n<p>Ces derni\u00e8res sont accessibles sur le Site \u00e0 la rubrique \u00ab <strong>Mentions l\u00e9gales<\/strong> \u00bb.<\/p>\n<p><!-- \/wp:paragraph --><!-- wp:paragraph --><\/p>\n<h2>L\u2019EDITEUR<\/h2>\n<p><!-- \/wp:paragraph --><!-- wp:paragraph --><\/p>\n<p>L\u2019\u00e9dition et la direction de la publication du Site est assur\u00e9e par M&rsquo;Hamed OUMOUHOU Dirigeant et repr\u00e9sentant de la <strong>SARL SNACK LE BON GOUT<\/strong>, <br \/>au Capital social de 1 500\u20ac, <br \/>SIRET 79372949200017 <br \/>RCS Nice B 793 729 492<br \/>Num\u00e9ro de TVA : FR90793729492<br \/>Code NAF : Restauration de type rapide (5610C)<br \/>Adresse : 29 Rue d&rsquo;Angleterre, 06000 NICE<br \/>T\u00e9l\u00e9phone : +33 4 93 13 41 38<br \/>E-mail : <a href=\"mailto:lebongoutnice@gmail.com\"><span style=\"text-decoration: underline;\">lebongoutnice@gmail.com<\/span><\/a><\/p>\n<p>ci-apr\u00e8s l&rsquo;\u00a0\u00bb<strong>Editeur<\/strong>\u00ab<\/p>\n<p><!-- \/wp:list --><!-- wp:paragraph --><\/p>\n<h2>CREATEUR DU SITE<\/h2>\n<p><!-- \/wp:paragraph --><!-- wp:paragraph --><\/p>\n<p>Le site <strong>www.lebongoutnice.fr<\/strong> a \u00e9t\u00e9 r\u00e9alis\u00e9 par la Soci\u00e9t\u00e9 <strong>SECRET ASSISTANCE<\/strong> &#8211; 34 lot Dar Alarbaine 272 appt. 5 Almansour Dahbi 12000 T\u00e9mara MAROC,<br \/>T\u00e9l\u00e9phone : +212612129345 &#8211; <a href=\"https:\/\/secretassistance.fr\/\"><strong>www.secretassistance.fr<\/strong><\/a><br \/>E-mail : <a href=\"mailto:contact@secretassistance.fr\">contact@secretassistance.fr<\/a><\/p>\n<p><!-- \/wp:paragraph --><!-- wp:paragraph --><\/p>\n<h2>L&rsquo;HEBERGEUR<\/h2>\n<p><!-- \/wp:paragraph --><!-- wp:paragraph --><\/p>\n<p>L\u2019h\u00e9bergeur du Site est la soci\u00e9t\u00e9 Hostinger International Ltd., dont le si\u00e8ge social est situ\u00e9 au 61 Rue Lordou Vironos, 6023 Larnaka, Chypre.<br \/>T\u00e9l\u00e9phone : +37064503378<br \/>Site web :\u00a0<a href=\"https:\/\/www.hostinger.fr\/\">https:\/\/www.hostinger.fr<\/a><br \/>Email: <a href=\"mailto:legal@hostinger.com\">legal@hostinger.com<\/a><br \/>Facebook : <a href=\"https:\/\/web.facebook.com\/Hostinger\/?_rdc=1&amp;_rdr\">https:\/\/www.facebook.com\/Hostinger\/<\/a><\/p>\n<p><!-- \/wp:paragraph --><!-- wp:paragraph --><\/p>\n<h2>ACCES AU SITE<\/h2>\n<p><!-- \/wp:paragraph --><!-- wp:paragraph --><\/p>\n<p>Le Site est accessible en tout endroit, 7j\/7, 24h\/24 sauf cas de force majeure, interruption programm\u00e9e ou non et pouvant d\u00e9coulant d\u2019une n\u00e9cessit\u00e9 de maintenance.<\/p>\n<p>En cas de modification, interruption ou suspension du Site, l\u2019Editeur ne saurait \u00eatre tenu responsable.<\/p>\t\t\t\t\t\t\t\t<\/div>\n\t\t\t\t<\/div>\n\t\t\t\t\t<\/div>\n\t\t\t\t<\/div>\n\t\t\t\t<\/div>","protected":false},"excerpt":{"rendered":"<p>La connexion et la navigation sur le Site par l\u2019Utilisateur&#8230;<\/p>","protected":false},"author":1,"featured_media":0,"parent":0,"menu_order":0,"comment_status":"closed","ping_status":"closed","template":"elementor_header_footer","meta":{"_monsterinsights_skip_tracking":false,"_monsterinsights_sitenote_active":false,"_monsterinsights_sitenote_note":"","_monsterinsights_sitenote_category":0,"footnotes":""},"class_list":["post-1565","page","type-page","status-publish","hentry"],"aioseo_notices":[],"_links":{"self":[{"href":"https:\/\/lebongoutnice.fr\/en\/wp-json\/wp\/v2\/pages\/1565","targetHints":{"allow":["GET"]}}],"collection":[{"href":"https:\/\/lebongoutnice.fr\/en\/wp-json\/wp\/v2\/pages"}],"about":[{"href":"https:\/\/lebongoutnice.fr\/en\/wp-json\/wp\/v2\/types\/page"}],"author":[{"embeddable":true,"href":"https:\/\/lebongoutnice.fr\/en\/wp-json\/wp\/v2\/users\/1"}],"replies":[{"embeddable":true,"href":"https:\/\/lebongoutnice.fr\/en\/wp-json\/wp\/v2\/comments?post=1565"}],"version-history":[{"count":16,"href":"https:\/\/lebongoutnice.fr\/en\/wp-json\/wp\/v2\/pages\/1565\/revisions"}],"predecessor-version":[{"id":1824,"href":"https:\/\/lebongoutnice.fr\/en\/wp-json\/wp\/v2\/pages\/1565\/revisions\/1824"}],"wp:attachment":[{"href":"https:\/\/lebongoutnice.fr\/en\/wp-json\/wp\/v2\/media?parent=1565"}],"curies":[{"name":"wp","href":"https:\/\/api.w.org\/{rel}","templated":true}]}}