{"id":1514,"date":"2024-01-21T11:36:17","date_gmt":"2024-01-21T10:36:17","guid":{"rendered":"https:\/\/lebongoutnice.fr\/?page_id=1514"},"modified":"2024-01-21T11:54:04","modified_gmt":"2024-01-21T10:54:04","slug":"coin-resto","status":"publish","type":"page","link":"https:\/\/lebongoutnice.fr\/en\/coin-resto\/","title":{"rendered":"Resto corner"},"content":{"rendered":"<div data-elementor-type=\"wp-page\" data-elementor-id=\"1514\" class=\"elementor elementor-1514\">\n\t\t\t\t<div class=\"elementor-element elementor-element-fbd2ac2 e-flex e-con-boxed e-con e-parent\" data-id=\"fbd2ac2\" data-element_type=\"container\" data-e-type=\"container\">\n\t\t\t\t\t<div class=\"e-con-inner\">\n\t\t\t\t<div class=\"elementor-element elementor-element-09c006d elementor-widget elementor-widget-spacer\" data-id=\"09c006d\" data-element_type=\"widget\" data-e-type=\"widget\" data-widget_type=\"spacer.default\">\n\t\t\t\t<div class=\"elementor-widget-container\">\n\t\t\t\t\t\t\t<div class=\"elementor-spacer\">\n\t\t\t<div class=\"elementor-spacer-inner\"><\/div>\n\t\t<\/div>\n\t\t\t\t\t\t<\/div>\n\t\t\t\t<\/div>\n\t\t\t\t\t<\/div>\n\t\t\t\t<\/div>\n\t\t<div class=\"elementor-element elementor-element-ccb421b e-con-full e-flex e-con e-parent\" data-id=\"ccb421b\" data-element_type=\"container\" data-e-type=\"container\">\n\t\t\t\t<div class=\"elementor-element elementor-element-1e23163 elementor-widget elementor-widget-narestaurant_basic_section_title\" data-id=\"1e23163\" data-element_type=\"widget\" data-e-type=\"widget\" data-settings=\"{&quot;title_image&quot;:{&quot;url&quot;:&quot;https:\\\/\\\/lebongoutnice.fr\\\/wp-content\\\/plugins\\\/elementor\\\/assets\\\/images\\\/placeholder.png&quot;,&quot;id&quot;:&quot;&quot;,&quot;size&quot;:&quot;&quot;}}\" data-widget_type=\"narestaurant_basic_section_title.default\">\n\t\t\t\t<div class=\"elementor-widget-container\">\n\t\t\t\t\t\t\t\t<div class=\"narep-title-section\">\n\t\t\t\t<h4>Resto<\/h4><h3>Menus<\/h3>\t\t\t<\/div>\n\t\t\t\t\t\t<\/div>\n\t\t\t\t<\/div>\n\t\t\t\t<\/div>\n\t\t<div class=\"elementor-element elementor-element-3ddd630 e-flex e-con-boxed e-con e-parent\" data-id=\"3ddd630\" data-element_type=\"container\" data-e-type=\"container\">\n\t\t\t\t\t<div class=\"e-con-inner\">\n\t\t\t\t<div class=\"elementor-element elementor-element-b125bbc elementor-widget elementor-widget-spacer\" data-id=\"b125bbc\" data-element_type=\"widget\" data-e-type=\"widget\" data-widget_type=\"spacer.default\">\n\t\t\t\t<div class=\"elementor-widget-container\">\n\t\t\t\t\t\t\t<div class=\"elementor-spacer\">\n\t\t\t<div class=\"elementor-spacer-inner\"><\/div>\n\t\t<\/div>\n\t\t\t\t\t\t<\/div>\n\t\t\t\t<\/div>\n\t\t\t\t\t<\/div>\n\t\t\t\t<\/div>\n\t\t<div class=\"elementor-element elementor-element-b2d0676 e-con-full e-flex e-con e-parent\" data-id=\"b2d0676\" data-element_type=\"container\" data-e-type=\"container\">\n\t\t<div class=\"elementor-element elementor-element-c1ce7a8 e-con-full e-flex elementor-invisible e-con e-child\" data-id=\"c1ce7a8\" data-element_type=\"container\" data-e-type=\"container\" data-settings=\"{&quot;animation&quot;:&quot;fadeInDown&quot;}\">\n\t\t\t\t<div class=\"elementor-element elementor-element-a1ec764 e-transform elementor-invisible elementor-widget elementor-widget-narestaurant_basic_gallery\" data-id=\"a1ec764\" data-element_type=\"widget\" data-e-type=\"widget\" data-settings=\"{&quot;_animation&quot;:&quot;fadeInUp&quot;,&quot;_transform_scale_effect_hover&quot;:{&quot;unit&quot;:&quot;px&quot;,&quot;size&quot;:1.4,&quot;sizes&quot;:[]},&quot;_transform_scale_effect_hover_tablet&quot;:{&quot;unit&quot;:&quot;px&quot;,&quot;size&quot;:&quot;&quot;,&quot;sizes&quot;:[]},&quot;_transform_scale_effect_hover_mobile&quot;:{&quot;unit&quot;:&quot;px&quot;,&quot;size&quot;:&quot;&quot;,&quot;sizes&quot;:[]}}\" data-widget_type=\"narestaurant_basic_gallery.default\">\n\t\t\t\t<div class=\"elementor-widget-container\">\n\t\t\t\t\t<div class=\"narep-gallery\"><div class=\"masonry-wrap\"><div class=\"narep-masonry\"><div class=\"masonry-item full-width\">\n\t\t\t  \t\t\t\t\t\t\t<div class=\"narep-gallery-item\"><div class=\"narep-image\"><a href=\"https:\/\/lebongoutnice.fr\/wp-content\/uploads\/2024\/01\/2-5.png\"  ><img decoding=\"async\" src=\"https:\/\/lebongoutnice.fr\/wp-content\/uploads\/2024\/01\/2-5.png\" alt=\"C\u00f4t\u00e9 Resto\"><\/a><\/div>\n\t\t\t  \t\t\t\t\t\t\t\t<div class=\"gallery-info\"><h2 class=\"gallery-title\"><a href=\"https:\/\/lebongoutnice.fr\/en\/?page_id=1028\"  >Restaurant side<\/a><\/h2><\/div><\/div>\n\t\t  \t\t\t\t\t\t\t<\/div><\/div><\/div><\/div>\t\t\t\t<\/div>\n\t\t\t\t<\/div>\n\t\t\t\t<div class=\"elementor-element elementor-element-b2e41dc elementor-widget elementor-widget-narestaurant_basic_button\" data-id=\"b2e41dc\" data-element_type=\"widget\" data-e-type=\"widget\" data-widget_type=\"narestaurant_basic_button.default\">\n\t\t\t\t<div class=\"elementor-widget-container\">\n\t\t\t\t\t<div class=\"narep-btn-wrap\"><a href=\"https:\/\/lebongoutnice.fr\/en\/?page_id=1028\" class=\"narep-btn\"  >Resto menu<\/a><\/div>\t\t\t\t<\/div>\n\t\t\t\t<\/div>\n\t\t\t\t<\/div>\n\t\t<div class=\"elementor-element elementor-element-93f9bfd e-con-full e-flex e-con e-child\" data-id=\"93f9bfd\" data-element_type=\"container\" data-e-type=\"container\">\n\t\t\t\t<div class=\"elementor-element elementor-element-faf500a e-transform elementor-invisible elementor-widget elementor-widget-narestaurant_basic_gallery\" data-id=\"faf500a\" data-element_type=\"widget\" data-e-type=\"widget\" data-settings=\"{&quot;_animation&quot;:&quot;fadeInUp&quot;,&quot;_transform_scale_effect_hover&quot;:{&quot;unit&quot;:&quot;px&quot;,&quot;size&quot;:1.4,&quot;sizes&quot;:[]},&quot;_transform_scale_effect_hover_tablet&quot;:{&quot;unit&quot;:&quot;px&quot;,&quot;size&quot;:&quot;&quot;,&quot;sizes&quot;:[]},&quot;_transform_scale_effect_hover_mobile&quot;:{&quot;unit&quot;:&quot;px&quot;,&quot;size&quot;:&quot;&quot;,&quot;sizes&quot;:[]}}\" data-widget_type=\"narestaurant_basic_gallery.default\">\n\t\t\t\t<div class=\"elementor-widget-container\">\n\t\t\t\t\t<div class=\"narep-gallery\"><div class=\"masonry-wrap\"><div class=\"narep-masonry\"><div class=\"masonry-item full-width\">\n\t\t\t  \t\t\t\t\t\t\t<div class=\"narep-gallery-item\"><div class=\"narep-image\"><a href=\"https:\/\/lebongoutnice.fr\/wp-content\/uploads\/2024\/01\/2-6.png\"  ><img decoding=\"async\" src=\"https:\/\/lebongoutnice.fr\/wp-content\/uploads\/2024\/01\/2-6.png\" alt=\"C\u00f4t\u00e9 Salades\"><\/a><\/div>\n\t\t\t  \t\t\t\t\t\t\t\t<div class=\"gallery-info\"><h2 class=\"gallery-title\"><a href=\"https:\/\/lebongoutnice.fr\/en\/?page_id=1026\"  >Salads side<\/a><\/h2><\/div><\/div>\n\t\t  \t\t\t\t\t\t\t<\/div><\/div><\/div><\/div>\t\t\t\t<\/div>\n\t\t\t\t<\/div>\n\t\t\t\t<div class=\"elementor-element elementor-element-91c7d9e elementor-widget elementor-widget-narestaurant_basic_button\" data-id=\"91c7d9e\" data-element_type=\"widget\" data-e-type=\"widget\" data-widget_type=\"narestaurant_basic_button.default\">\n\t\t\t\t<div class=\"elementor-widget-container\">\n\t\t\t\t\t<div class=\"narep-btn-wrap\"><a href=\"https:\/\/lebongoutnice.fr\/en\/?page_id=1026\" class=\"narep-btn\"  >salad menu<\/a><\/div>\t\t\t\t<\/div>\n\t\t\t\t<\/div>\n\t\t\t\t<\/div>\n\t\t<div class=\"elementor-element elementor-element-a278d4a e-con-full e-flex e-con e-child\" data-id=\"a278d4a\" data-element_type=\"container\" data-e-type=\"container\">\n\t\t\t\t<div class=\"elementor-element elementor-element-d110bae e-transform elementor-invisible elementor-widget elementor-widget-narestaurant_basic_gallery\" data-id=\"d110bae\" data-element_type=\"widget\" data-e-type=\"widget\" data-settings=\"{&quot;_animation&quot;:&quot;fadeInDown&quot;,&quot;_transform_scale_effect_hover&quot;:{&quot;unit&quot;:&quot;px&quot;,&quot;size&quot;:1.4,&quot;sizes&quot;:[]},&quot;_transform_scale_effect_hover_tablet&quot;:{&quot;unit&quot;:&quot;px&quot;,&quot;size&quot;:&quot;&quot;,&quot;sizes&quot;:[]},&quot;_transform_scale_effect_hover_mobile&quot;:{&quot;unit&quot;:&quot;px&quot;,&quot;size&quot;:&quot;&quot;,&quot;sizes&quot;:[]}}\" data-widget_type=\"narestaurant_basic_gallery.default\">\n\t\t\t\t<div class=\"elementor-widget-container\">\n\t\t\t\t\t<div class=\"narep-gallery\"><div class=\"masonry-wrap\"><div class=\"narep-masonry\"><div class=\"masonry-item full-width\">\n\t\t\t  \t\t\t\t\t\t\t<div class=\"narep-gallery-item\"><div class=\"narep-image\"><a href=\"https:\/\/lebongoutnice.fr\/wp-content\/uploads\/2024\/01\/2-3.png\"  ><img decoding=\"async\" src=\"https:\/\/lebongoutnice.fr\/wp-content\/uploads\/2024\/01\/2-3.png\" alt=\"C\u00f4t\u00e9 Pasta\"><\/a><\/div>\n\t\t\t  \t\t\t\t\t\t\t\t<div class=\"gallery-info\"><h2 class=\"gallery-title\"><a href=\"https:\/\/lebongoutnice.fr\/en\/?page_id=1031\"  >Pasta side<\/a><\/h2><\/div><\/div>\n\t\t  \t\t\t\t\t\t\t<\/div><\/div><\/div><\/div>\t\t\t\t<\/div>\n\t\t\t\t<\/div>\n\t\t\t\t<div class=\"elementor-element elementor-element-93c29bc elementor-widget elementor-widget-narestaurant_basic_button\" data-id=\"93c29bc\" data-element_type=\"widget\" data-e-type=\"widget\" data-widget_type=\"narestaurant_basic_button.default\">\n\t\t\t\t<div class=\"elementor-widget-container\">\n\t\t\t\t\t<div class=\"narep-btn-wrap\"><a href=\"https:\/\/lebongoutnice.fr\/en\/?page_id=1031\" class=\"narep-btn\"  >pasta menu<\/a><\/div>\t\t\t\t<\/div>\n\t\t\t\t<\/div>\n\t\t\t\t<\/div>\n\t\t\t\t<\/div>\n\t\t<div class=\"elementor-element elementor-element-d8b4fe6 e-flex e-con-boxed e-con e-parent\" data-id=\"d8b4fe6\" data-element_type=\"container\" data-e-type=\"container\">\n\t\t\t\t\t<div class=\"e-con-inner\">\n\t\t\t\t<div class=\"elementor-element elementor-element-0655876 elementor-widget elementor-widget-spacer\" data-id=\"0655876\" data-element_type=\"widget\" data-e-type=\"widget\" data-widget_type=\"spacer.default\">\n\t\t\t\t<div class=\"elementor-widget-container\">\n\t\t\t\t\t\t\t<div class=\"elementor-spacer\">\n\t\t\t<div class=\"elementor-spacer-inner\"><\/div>\n\t\t<\/div>\n\t\t\t\t\t\t<\/div>\n\t\t\t\t<\/div>\n\t\t\t\t\t<\/div>\n\t\t\t\t<\/div>\n\t\t\t\t<\/div>","protected":false},"excerpt":{"rendered":"<p>Resto Menus C\u00f4t\u00e9 Resto Resto menu C\u00f4t\u00e9 Salades salad menu&#8230;<\/p>","protected":false},"author":1,"featured_media":0,"parent":0,"menu_order":0,"comment_status":"closed","ping_status":"closed","template":"elementor_header_footer","meta":{"_monsterinsights_skip_tracking":false,"_monsterinsights_sitenote_active":false,"_monsterinsights_sitenote_note":"","_monsterinsights_sitenote_category":0,"footnotes":""},"class_list":["post-1514","page","type-page","status-publish","hentry"],"aioseo_notices":[],"_links":{"self":[{"href":"https:\/\/lebongoutnice.fr\/en\/wp-json\/wp\/v2\/pages\/1514","targetHints":{"allow":["GET"]}}],"collection":[{"href":"https:\/\/lebongoutnice.fr\/en\/wp-json\/wp\/v2\/pages"}],"about":[{"href":"https:\/\/lebongoutnice.fr\/en\/wp-json\/wp\/v2\/types\/page"}],"author":[{"embeddable":true,"href":"https:\/\/lebongoutnice.fr\/en\/wp-json\/wp\/v2\/users\/1"}],"replies":[{"embeddable":true,"href":"https:\/\/lebongoutnice.fr\/en\/wp-json\/wp\/v2\/comments?post=1514"}],"version-history":[{"count":22,"href":"https:\/\/lebongoutnice.fr\/en\/wp-json\/wp\/v2\/pages\/1514\/revisions"}],"predecessor-version":[{"id":1537,"href":"https:\/\/lebongoutnice.fr\/en\/wp-json\/wp\/v2\/pages\/1514\/revisions\/1537"}],"wp:attachment":[{"href":"https:\/\/lebongoutnice.fr\/en\/wp-json\/wp\/v2\/media?parent=1514"}],"curies":[{"name":"wp","href":"https:\/\/api.w.org\/{rel}","templated":true}]}}