{"id":1032,"date":"2023-12-31T21:44:38","date_gmt":"2023-12-31T20:44:38","guid":{"rendered":"https:\/\/lebongoutnice.fr\/?page_id=1032"},"modified":"2024-01-21T18:04:59","modified_gmt":"2024-01-21T17:04:59","slug":"cote-pizza","status":"publish","type":"page","link":"https:\/\/lebongoutnice.fr\/en\/cote-pizza\/","title":{"rendered":"Pizza side"},"content":{"rendered":"\t\t<div data-elementor-type=\"wp-page\" data-elementor-id=\"1032\" class=\"elementor elementor-1032\">\n\t\t\t\t<div class=\"elementor-element elementor-element-a8e5f31 e-flex e-con-boxed e-con e-parent\" data-id=\"a8e5f31\" data-element_type=\"container\" data-e-type=\"container\">\n\t\t\t\t\t<div class=\"e-con-inner\">\n\t\t\t\t<div class=\"elementor-element elementor-element-ca3906f elementor-widget elementor-widget-spacer\" data-id=\"ca3906f\" data-element_type=\"widget\" data-e-type=\"widget\" data-widget_type=\"spacer.default\">\n\t\t\t\t<div class=\"elementor-widget-container\">\n\t\t\t\t\t\t\t<div class=\"elementor-spacer\">\n\t\t\t<div class=\"elementor-spacer-inner\"><\/div>\n\t\t<\/div>\n\t\t\t\t\t\t<\/div>\n\t\t\t\t<\/div>\n\t\t\t\t\t<\/div>\n\t\t\t\t<\/div>\n\t\t<div class=\"elementor-element elementor-element-914bae1 e-flex e-con-boxed e-con e-parent\" data-id=\"914bae1\" data-element_type=\"container\" data-e-type=\"container\">\n\t\t\t\t\t<div class=\"e-con-inner\">\n\t\t\t\t<div class=\"elementor-element elementor-element-48af5dc elementor-widget elementor-widget-narestaurant_basic_section_title\" data-id=\"48af5dc\" data-element_type=\"widget\" data-e-type=\"widget\" data-settings=\"{&quot;title_image&quot;:{&quot;url&quot;:&quot;https:\\\/\\\/lebongoutnice.fr\\\/wp-content\\\/plugins\\\/elementor\\\/assets\\\/images\\\/placeholder.png&quot;,&quot;id&quot;:&quot;&quot;,&quot;size&quot;:&quot;&quot;}}\" data-widget_type=\"narestaurant_basic_section_title.default\">\n\t\t\t\t<div class=\"elementor-widget-container\">\n\t\t\t\t\t\t\t\t<div class=\"narep-title-section\">\n\t\t\t\t<h4>Pizza<\/h4><h3>Menu Classic<\/h3>\t\t\t<\/div>\n\t\t\t\t\t\t<\/div>\n\t\t\t\t<\/div>\n\t\t\t\t\t<\/div>\n\t\t\t\t<\/div>\n\t\t<div class=\"elementor-element elementor-element-9865294 e-flex e-con-boxed e-con e-parent\" data-id=\"9865294\" data-element_type=\"container\" data-e-type=\"container\" data-settings=\"{&quot;background_background&quot;:&quot;slideshow&quot;,&quot;background_slideshow_gallery&quot;:[{&quot;url&quot;:&quot;&quot;}],&quot;background_slideshow_loop&quot;:&quot;yes&quot;,&quot;background_slideshow_slide_duration&quot;:5000,&quot;background_slideshow_slide_transition&quot;:&quot;fade&quot;,&quot;background_slideshow_transition_duration&quot;:500}\">\n\t\t\t\t\t<div class=\"e-con-inner\">\n\t\t\t\t<div class=\"elementor-element elementor-element-881d9bc elementor-widget elementor-widget-narestaurant_unique_food_menu\" data-id=\"881d9bc\" data-element_type=\"widget\" data-e-type=\"widget\" data-widget_type=\"narestaurant_unique_food_menu.default\">\n\t\t\t\t<div class=\"elementor-widget-container\">\n\t\t\t\t\t<div class=\"narep-food-menu-wrap\"><div class=\"narep-food-menu-item-wrap zoom-image no-img\">\n\t\t\t\t\t\t\t\t\t\t\t              <div class=\"narep-food-menu-info\"><h4 class=\"narep-food-menu-title\"><span class=\"food-title\">margherita<\/span><span class=\"food-price\">6.50\u20ac<\/span><\/h4><p>tomate, fromage, olives<\/p><\/div>\n\t\t\t\t\t\t\t\t\t\t\t            <\/div><div class=\"narep-food-menu-item-wrap zoom-image no-img\">\n\t\t\t\t\t\t\t\t\t\t\t              <div class=\"narep-food-menu-info\"><h4 class=\"narep-food-menu-title\"><span class=\"food-title\">mozzarella<\/span><span class=\"food-price\">7.50\u20ac<\/span><\/h4><p>tomate, fromage, mozzarella<\/p><\/div>\n\t\t\t\t\t\t\t\t\t\t\t            <\/div><div class=\"narep-food-menu-item-wrap zoom-image no-img\">\n\t\t\t\t\t\t\t\t\t\t\t              <div class=\"narep-food-menu-info\"><h4 class=\"narep-food-menu-title\"><span class=\"food-title\">napolitaine<\/span><span class=\"food-price\">7.50\u20ac<\/span><\/h4><p>tomate, fromage, thon, persil<\/p><\/div>\n\t\t\t\t\t\t\t\t\t\t\t            <\/div><div class=\"narep-food-menu-item-wrap zoom-image no-img\">\n\t\t\t\t\t\t\t\t\t\t\t              <div class=\"narep-food-menu-info\"><h4 class=\"narep-food-menu-title\"><span class=\"food-title\">neptune<\/span><span class=\"food-price\">8.00\u20ac<\/span><\/h4><p>tomate, fromage, thon, ail, persil<\/p><\/div>\n\t\t\t\t\t\t\t\t\t\t\t            <\/div><div class=\"narep-food-menu-item-wrap zoom-image no-img\">\n\t\t\t\t\t\t\t\t\t\t\t              <div class=\"narep-food-menu-info\"><h4 class=\"narep-food-menu-title\"><span class=\"food-title\">orientale<\/span><span class=\"food-price\">8.50\u20ac<\/span><\/h4><p>tomate, fromage, merguez, poivrons<\/p><\/div>\n\t\t\t\t\t\t\t\t\t\t\t            <\/div><\/div>\t\t\t\t<\/div>\n\t\t\t\t<\/div>\n\t\t\t\t\t<\/div>\n\t\t\t\t<\/div>\n\t\t<div class=\"elementor-element elementor-element-52d5d45 e-flex e-con-boxed e-con e-parent\" data-id=\"52d5d45\" data-element_type=\"container\" data-e-type=\"container\">\n\t\t\t\t\t<div class=\"e-con-inner\">\n\t\t\t\t<div class=\"elementor-element elementor-element-652b2a0 elementor-widget elementor-widget-narestaurant_basic_section_title\" data-id=\"652b2a0\" data-element_type=\"widget\" data-e-type=\"widget\" data-settings=\"{&quot;title_image&quot;:{&quot;url&quot;:&quot;https:\\\/\\\/lebongoutnice.fr\\\/wp-content\\\/plugins\\\/elementor\\\/assets\\\/images\\\/placeholder.png&quot;,&quot;id&quot;:&quot;&quot;,&quot;size&quot;:&quot;&quot;}}\" data-widget_type=\"narestaurant_basic_section_title.default\">\n\t\t\t\t<div class=\"elementor-widget-container\">\n\t\t\t\t\t\t\t\t<div class=\"narep-title-section\">\n\t\t\t\t<h4>Pizza<\/h4><h3>Menu Gourmand<\/h3>\t\t\t<\/div>\n\t\t\t\t\t\t<\/div>\n\t\t\t\t<\/div>\n\t\t\t\t\t<\/div>\n\t\t\t\t<\/div>\n\t\t<div class=\"elementor-element elementor-element-61a5460 e-flex e-con-boxed e-con e-parent\" data-id=\"61a5460\" data-element_type=\"container\" data-e-type=\"container\">\n\t\t\t\t\t<div class=\"e-con-inner\">\n\t\t\t\t<div class=\"elementor-element elementor-element-d3bdc56 elementor-widget elementor-widget-narestaurant_unique_food_menu\" data-id=\"d3bdc56\" data-element_type=\"widget\" data-e-type=\"widget\" data-widget_type=\"narestaurant_unique_food_menu.default\">\n\t\t\t\t<div class=\"elementor-widget-container\">\n\t\t\t\t\t<div class=\"narep-food-menu-wrap\"><div class=\"narep-food-menu-item-wrap zoom-image no-img\">\n\t\t\t\t\t\t\t\t\t\t\t              <div class=\"narep-food-menu-info\"><h4 class=\"narep-food-menu-title\"><span class=\"food-title\">reine<\/span><span class=\"food-price\">8.50\u20ac<\/span><\/h4><p>tomate, fromage, jambon de dinde, champignons<\/p><\/div>\n\t\t\t\t\t\t\t\t\t\t\t            <\/div><div class=\"narep-food-menu-item-wrap zoom-image no-img\">\n\t\t\t\t\t\t\t\t\t\t\t              <div class=\"narep-food-menu-info\"><h4 class=\"narep-food-menu-title\"><span class=\"food-title\">am\u00e9ricain<\/span><span class=\"food-price\">8.50\u20ac<\/span><\/h4><p>tomate, fromage, viande hach\u00e9e<\/p><\/div>\n\t\t\t\t\t\t\t\t\t\t\t            <\/div><div class=\"narep-food-menu-item-wrap zoom-image no-img\">\n\t\t\t\t\t\t\t\t\t\t\t              <div class=\"narep-food-menu-info\"><h4 class=\"narep-food-menu-title\"><span class=\"food-title\">aubergine<\/span><span class=\"food-price\">7.90\u20ac<\/span><\/h4><p>tomate, fromage, aubergine<\/p><\/div>\n\t\t\t\t\t\t\t\t\t\t\t            <\/div><div class=\"narep-food-menu-item-wrap zoom-image no-img\">\n\t\t\t\t\t\t\t\t\t\t\t              <div class=\"narep-food-menu-info\"><h4 class=\"narep-food-menu-title\"><span class=\"food-title\">chicken<\/span><span class=\"food-price\">8.00\u20ac<\/span><\/h4><p>tomate, fromage, poulet<\/p><\/div>\n\t\t\t\t\t\t\t\t\t\t\t            <\/div><div class=\"narep-food-menu-item-wrap zoom-image no-img\">\n\t\t\t\t\t\t\t\t\t\t\t              <div class=\"narep-food-menu-info\"><h4 class=\"narep-food-menu-title\"><span class=\"food-title\">ch\u00e8vre miel<\/span><span class=\"food-price\">8.50\u20ac<\/span><\/h4><p>cr\u00e8me fra\u00eeche, fromage de ch\u00e8vre, miel<\/p><\/div>\n\t\t\t\t\t\t\t\t\t\t\t            <\/div><div class=\"narep-food-menu-item-wrap zoom-image no-img\">\n\t\t\t\t\t\t\t\t\t\t\t              <div class=\"narep-food-menu-info\"><h4 class=\"narep-food-menu-title\"><span class=\"food-title\">v\u00e9g\u00e9tarienne<\/span><span class=\"food-price\">9.00\u20ac<\/span><\/h4><p>tomate, fromage, champignons, poivrons, aubergines<\/p><\/div>\n\t\t\t\t\t\t\t\t\t\t\t            <\/div><div class=\"narep-food-menu-item-wrap zoom-image no-img\">\n\t\t\t\t\t\t\t\t\t\t\t              <div class=\"narep-food-menu-info\"><h4 class=\"narep-food-menu-title\"><span class=\"food-title\">cannibale<\/span><span class=\"food-price\">9.50\u20ac<\/span><\/h4><p>tomate, fromage, oeuf, viande hach\u00e9e<\/p><\/div>\n\t\t\t\t\t\t\t\t\t\t\t            <\/div><div class=\"narep-food-menu-item-wrap zoom-image no-img\">\n\t\t\t\t\t\t\t\t\t\t\t              <div class=\"narep-food-menu-info\"><h4 class=\"narep-food-menu-title\"><span class=\"food-title\">saumon<\/span><span class=\"food-price\">8.50\u20ac<\/span><\/h4><p>cr\u00e8me fra\u00eeche, fromage, saumon<\/p><\/div>\n\t\t\t\t\t\t\t\t\t\t\t            <\/div><div class=\"narep-food-menu-item-wrap zoom-image no-img\">\n\t\t\t\t\t\t\t\t\t\t\t              <div class=\"narep-food-menu-info\"><h4 class=\"narep-food-menu-title\"><span class=\"food-title\">4 fromages<\/span><span class=\"food-price\">8.50\u20ac<\/span><\/h4><p>tomate, cantal, roquefort, mozzarella, ch\u00e8vre<\/p><\/div>\n\t\t\t\t\t\t\t\t\t\t\t            <\/div><div class=\"narep-food-menu-item-wrap zoom-image no-img\">\n\t\t\t\t\t\t\t\t\t\t\t              <div class=\"narep-food-menu-info\"><h4 class=\"narep-food-menu-title\"><span class=\"food-title\">kebab<\/span><span class=\"food-price\">8.00\u20ac<\/span><\/h4><p>tomate, fromage, kebab<\/p><\/div>\n\t\t\t\t\t\t\t\t\t\t\t            <\/div><div class=\"narep-food-menu-item-wrap zoom-image no-img\">\n\t\t\t\t\t\t\t\t\t\t\t              <div class=\"narep-food-menu-info\"><h4 class=\"narep-food-menu-title\"><span class=\"food-title\">romini<\/span><span class=\"food-price\">9.00\u20ac<\/span><\/h4><p>cr\u00e8me fra\u00eeche, viande hach\u00e9e, piment vert<\/p><\/div>\n\t\t\t\t\t\t\t\t\t\t\t            <\/div><\/div>\t\t\t\t<\/div>\n\t\t\t\t<\/div>\n\t\t\t\t\t<\/div>\n\t\t\t\t<\/div>\n\t\t\t\t<\/div>\n\t\t","protected":false},"excerpt":{"rendered":"<p>Pizza Menu Classic margherita6.50\u20ac tomate, fromage, olives mozzarella7.50\u20ac tomate, fromage,&#8230;<\/p>","protected":false},"author":1,"featured_media":0,"parent":0,"menu_order":0,"comment_status":"closed","ping_status":"closed","template":"elementor_header_footer","meta":{"_monsterinsights_skip_tracking":false,"_monsterinsights_sitenote_active":false,"_monsterinsights_sitenote_note":"","_monsterinsights_sitenote_category":0,"footnotes":""},"class_list":["post-1032","page","type-page","status-publish","hentry"],"aioseo_notices":[],"_links":{"self":[{"href":"https:\/\/lebongoutnice.fr\/en\/wp-json\/wp\/v2\/pages\/1032","targetHints":{"allow":["GET"]}}],"collection":[{"href":"https:\/\/lebongoutnice.fr\/en\/wp-json\/wp\/v2\/pages"}],"about":[{"href":"https:\/\/lebongoutnice.fr\/en\/wp-json\/wp\/v2\/types\/page"}],"author":[{"embeddable":true,"href":"https:\/\/lebongoutnice.fr\/en\/wp-json\/wp\/v2\/users\/1"}],"replies":[{"embeddable":true,"href":"https:\/\/lebongoutnice.fr\/en\/wp-json\/wp\/v2\/comments?post=1032"}],"version-history":[{"count":16,"href":"https:\/\/lebongoutnice.fr\/en\/wp-json\/wp\/v2\/pages\/1032\/revisions"}],"predecessor-version":[{"id":1613,"href":"https:\/\/lebongoutnice.fr\/en\/wp-json\/wp\/v2\/pages\/1032\/revisions\/1613"}],"wp:attachment":[{"href":"https:\/\/lebongoutnice.fr\/en\/wp-json\/wp\/v2\/media?parent=1032"}],"curies":[{"name":"wp","href":"https:\/\/api.w.org\/{rel}","templated":true}]}}